{"id":116,"date":"2023-09-05T10:43:33","date_gmt":"2023-09-05T10:43:33","guid":{"rendered":"https:\/\/lucid-faraday.31-24-44-64.plesk.page\/?page_id=116"},"modified":"2023-09-20T12:50:18","modified_gmt":"2023-09-20T10:50:18","slug":"contacto","status":"publish","type":"page","link":"https:\/\/grupoproa.es\/index.php\/contacto\/","title":{"rendered":"Contacto"},"content":{"rendered":"<p>[et_pb_section fb_built=\u00bb1&#8243; _builder_version=\u00bb4.21.0&#8243; _module_preset=\u00bbdefault\u00bb global_colors_info=\u00bb{}\u00bb][et_pb_row _builder_version=\u00bb4.21.0&#8243; _module_preset=\u00bbdefault\u00bb global_colors_info=\u00bb{}\u00bb][et_pb_column type=\u00bb4_4&#8243; _builder_version=\u00bb4.21.0&#8243; _module_preset=\u00bbdefault\u00bb global_colors_info=\u00bb{}\u00bb][et_pb_image src=\u00bbhttps:\/\/grupoproa.es\/wp-content\/uploads\/2023\/09\/grupoproa-header.jpg\u00bb alt=\u00bbFoto del logotipo del grupo. Se ve la fachada del edificio de congresos de Oviedo (conocido como el Calatrava por su dise\u00f1ador) y sobre ella, el nombre del grupo, Proa, con la letra A en mayor tama\u00f1o, en color rojo y con un dise\u00f1o diferente, sin el hueco en el medio y haciendo curva en la l\u00ednea horizontal.\u00bb title_text=\u00bbgrupoproa-header\u00bb align=\u00bbcenter\u00bb _builder_version=\u00bb4.21.0&#8243; _module_preset=\u00bbdefault\u00bb global_colors_info=\u00bb{}\u00bb][\/et_pb_image][\/et_pb_column][\/et_pb_row][et_pb_row _builder_version=\u00bb4.21.0&#8243; _module_preset=\u00bbdefault\u00bb global_colors_info=\u00bb{}\u00bb][et_pb_column type=\u00bb4_4&#8243; _builder_version=\u00bb4.21.0&#8243; _module_preset=\u00bbdefault\u00bb global_colors_info=\u00bb{}\u00bb][et_pb_text _builder_version=\u00bb4.21.0&#8243; _module_preset=\u00bbdefault\u00bb text_font=\u00bbRaleway||||||||\u00bb text_text_color=\u00bb#000000&#8243; link_font=\u00bbRaleway||||||||\u00bb link_text_align=\u00bbjustify\u00bb link_text_color=\u00bb#0C71C3&#8243; header_font=\u00bbRaleway||||||||\u00bb header_text_align=\u00bbjustify\u00bb header_text_color=\u00bb#000000&#8243; text_orientation=\u00bbjustified\u00bb hover_enabled=\u00bb0&#8243; global_colors_info=\u00bb{}\u00bb text_text_color__hover_enabled=\u00bbon|hover\u00bb text_text_color__hover=\u00bb#000000&#8243; sticky_enabled=\u00bb0&#8243;]<\/p>\n<h3 style=\"text-align: justify;\">N\u00famero de tel\u00e9fono:<\/h3>\n<p><a href=\"tel:+346859488510\"><img loading=\"lazy\" decoding=\"async\" src=\"https:\/\/grupoproa.es\/wp-content\/uploads\/2023\/09\/tel-copia.png\" width=\"13\" height=\"18\" alt=\"\" class=\"wp-image-562 alignnone size-full\" \/><\/a>\u00a0 <a href=\"tel:+346859488510\">659 48 85 10<\/a><\/p>\n<h3>Correo electr\u00f3nico:<\/h3>\n<p>administraci\u00f3n@grupoproa.es<\/p>\n<h3>Plus code (c\u00f3digo de geolocalizaci\u00f3n):<\/h3>\n<p><img loading=\"lazy\" decoding=\"async\" src=\"https:\/\/grupoproa.es\/wp-content\/uploads\/2023\/09\/plus_code.png\" width=\"22\" height=\"22\" alt=\"\" class=\"wp-image-580 alignnone size-full\" \/> \u00a0946Q+R6 Oviedo<\/p>\n<p>[\/et_pb_text][et_pb_contact_form _builder_version=\u00bb4.21.0&#8243; _module_preset=\u00bbdefault\u00bb _unique_id=\u00bb4e3dc327-7eb4-492e-9c71-874e7efbe252&#8243; form_field_background_color=\u00bb#75C1F0&#8243; form_field_text_color=\u00bb#000000&#8243; form_field_focus_background_color=\u00bb#00DDFF\u00bb form_field_focus_text_color=\u00bb#000000&#8243; title_font=\u00bbRaleway||||||||\u00bb title_text_align=\u00bbjustify\u00bb title_text_color=\u00bb#000000&#8243; captcha_font=\u00bbRaleway||||||||\u00bb captcha_text_color=\u00bb#000000&#8243; captcha_font_size=\u00bb15px\u00bb form_field_font=\u00bbRaleway||||||||\u00bb form_field_text_align=\u00bbjustify\u00bb form_field_font_size=\u00bb15px\u00bb text_orientation=\u00bbjustified\u00bb global_colors_info=\u00bb{}\u00bb form_field_background_color__hover_enabled=\u00bbon|desktop\u00bb form_field_text_color__hover_enabled=\u00bbon|hover\u00bb form_field_text_color__hover=\u00bb#000000&#8243; form_field_background_color__hover=\u00bb#75C1F0&#8243; title_text_color__hover_enabled=\u00bbon|desktop\u00bb title_text_color__hover=\u00bb#000000&#8243;][et_pb_contact_field field_id=\u00bbName\u00bb field_title=\u00bbNombre\u00bb _builder_version=\u00bb4.21.0&#8243; form_field_font_size=\u00bb15px\u00bb text_orientation=\u00bbjustified\u00bb global_colors_info=\u00bb{}\u00bb button_text_size__hover_enabled=\u00bboff\u00bb button_one_text_size__hover_enabled=\u00bboff\u00bb button_two_text_size__hover_enabled=\u00bboff\u00bb button_text_color__hover_enabled=\u00bboff\u00bb button_one_text_color__hover_enabled=\u00bboff\u00bb button_two_text_color__hover_enabled=\u00bboff\u00bb button_border_width__hover_enabled=\u00bboff\u00bb button_one_border_width__hover_enabled=\u00bboff\u00bb button_two_border_width__hover_enabled=\u00bboff\u00bb button_border_color__hover_enabled=\u00bboff\u00bb button_one_border_color__hover_enabled=\u00bboff\u00bb button_two_border_color__hover_enabled=\u00bboff\u00bb button_border_radius__hover_enabled=\u00bboff\u00bb button_one_border_radius__hover_enabled=\u00bboff\u00bb button_two_border_radius__hover_enabled=\u00bboff\u00bb button_letter_spacing__hover_enabled=\u00bboff\u00bb button_one_letter_spacing__hover_enabled=\u00bboff\u00bb button_two_letter_spacing__hover_enabled=\u00bboff\u00bb button_bg_color__hover_enabled=\u00bboff\u00bb button_one_bg_color__hover_enabled=\u00bboff\u00bb button_two_bg_color__hover_enabled=\u00bboff\u00bb][\/et_pb_contact_field][et_pb_contact_field field_id=\u00bbEmail\u00bb field_title=\u00bbDirecci\u00f3n de correo electr\u00f3nico\u00bb field_type=\u00bbemail\u00bb _builder_version=\u00bb4.16&#8243; global_colors_info=\u00bb{}\u00bb button_text_size__hover_enabled=\u00bboff\u00bb button_one_text_size__hover_enabled=\u00bboff\u00bb button_two_text_size__hover_enabled=\u00bboff\u00bb button_text_color__hover_enabled=\u00bboff\u00bb button_one_text_color__hover_enabled=\u00bboff\u00bb button_two_text_color__hover_enabled=\u00bboff\u00bb button_border_width__hover_enabled=\u00bboff\u00bb button_one_border_width__hover_enabled=\u00bboff\u00bb button_two_border_width__hover_enabled=\u00bboff\u00bb button_border_color__hover_enabled=\u00bboff\u00bb button_one_border_color__hover_enabled=\u00bboff\u00bb button_two_border_color__hover_enabled=\u00bboff\u00bb button_border_radius__hover_enabled=\u00bboff\u00bb button_one_border_radius__hover_enabled=\u00bboff\u00bb button_two_border_radius__hover_enabled=\u00bboff\u00bb button_letter_spacing__hover_enabled=\u00bboff\u00bb button_one_letter_spacing__hover_enabled=\u00bboff\u00bb button_two_letter_spacing__hover_enabled=\u00bboff\u00bb button_bg_color__hover_enabled=\u00bboff\u00bb button_one_bg_color__hover_enabled=\u00bboff\u00bb button_two_bg_color__hover_enabled=\u00bboff\u00bb][\/et_pb_contact_field][et_pb_contact_field field_id=\u00bbAsunto\u00bb field_title=\u00bbAsunto\u00bb fullwidth_field=\u00bbon\u00bb _builder_version=\u00bb4.21.0&#8243; _module_preset=\u00bbdefault\u00bb global_colors_info=\u00bb{}\u00bb][\/et_pb_contact_field][et_pb_contact_field field_id=\u00bbMessage\u00bb field_title=\u00bbMensaje\u00bb field_type=\u00bbtext\u00bb fullwidth_field=\u00bbon\u00bb _builder_version=\u00bb4.16&#8243; global_colors_info=\u00bb{}\u00bb button_text_size__hover_enabled=\u00bboff\u00bb button_one_text_size__hover_enabled=\u00bboff\u00bb button_two_text_size__hover_enabled=\u00bboff\u00bb button_text_color__hover_enabled=\u00bboff\u00bb button_one_text_color__hover_enabled=\u00bboff\u00bb button_two_text_color__hover_enabled=\u00bboff\u00bb button_border_width__hover_enabled=\u00bboff\u00bb button_one_border_width__hover_enabled=\u00bboff\u00bb button_two_border_width__hover_enabled=\u00bboff\u00bb button_border_color__hover_enabled=\u00bboff\u00bb button_one_border_color__hover_enabled=\u00bboff\u00bb button_two_border_color__hover_enabled=\u00bboff\u00bb button_border_radius__hover_enabled=\u00bboff\u00bb button_one_border_radius__hover_enabled=\u00bboff\u00bb button_two_border_radius__hover_enabled=\u00bboff\u00bb button_letter_spacing__hover_enabled=\u00bboff\u00bb button_one_letter_spacing__hover_enabled=\u00bboff\u00bb button_two_letter_spacing__hover_enabled=\u00bboff\u00bb button_bg_color__hover_enabled=\u00bboff\u00bb button_one_bg_color__hover_enabled=\u00bboff\u00bb button_two_bg_color__hover_enabled=\u00bboff\u00bb][\/et_pb_contact_field][\/et_pb_contact_form][\/et_pb_column][\/et_pb_row][\/et_pb_section]<\/p>\n","protected":false},"excerpt":{"rendered":"<p>N\u00famero de tel\u00e9fono: \u00a0 659 48 85 10 Correo electr\u00f3nico: administraci\u00f3n@grupoproa.es Plus code (c\u00f3digo de geolocalizaci\u00f3n): \u00a0946Q+R6 Oviedo<\/p>\n","protected":false},"author":1,"featured_media":0,"parent":0,"menu_order":0,"comment_status":"closed","ping_status":"closed","template":"","meta":{"_et_pb_use_builder":"on","_et_pb_old_content":"","_et_gb_content_width":"","footnotes":""},"class_list":["post-116","page","type-page","status-publish","hentry"],"yoast_head":"<!-- This site is optimized with the Yoast SEO plugin v26.9 - https:\/\/yoast.com\/product\/yoast-seo-wordpress\/ -->\n<title>Contacto - Grupo Proa<\/title>\n<meta name=\"robots\" content=\"noindex, follow, max-snippet:-1, max-image-preview:large, max-video-preview:-1\" \/>\n<meta property=\"og:locale\" content=\"es_ES\" \/>\n<meta property=\"og:type\" content=\"article\" \/>\n<meta property=\"og:title\" content=\"Contacto - Grupo Proa\" \/>\n<meta property=\"og:description\" content=\"N\u00famero de tel\u00e9fono: \u00a0 659 48 85 10 Correo electr\u00f3nico: administraci\u00f3n@grupoproa.es Plus code (c\u00f3digo de geolocalizaci\u00f3n): \u00a0946Q+R6 Oviedo\" \/>\n<meta property=\"og:url\" content=\"https:\/\/grupoproa.es\/index.php\/contacto\/\" \/>\n<meta property=\"og:site_name\" content=\"Grupo Proa\" \/>\n<meta property=\"article:modified_time\" content=\"2023-09-20T10:50:18+00:00\" \/>\n<meta property=\"og:image\" content=\"https:\/\/grupoproa.es\/wp-content\/uploads\/2023\/09\/tel-copia.png\" \/>\n<meta name=\"twitter:card\" content=\"summary_large_image\" \/>\n<meta name=\"twitter:label1\" content=\"Tiempo de lectura\" \/>\n\t<meta name=\"twitter:data1\" content=\"2 minutos\" \/>\n<script type=\"application\/ld+json\" class=\"yoast-schema-graph\">{\"@context\":\"https:\/\/schema.org\",\"@graph\":[{\"@type\":\"WebPage\",\"@id\":\"https:\/\/grupoproa.es\/index.php\/contacto\/\",\"url\":\"https:\/\/grupoproa.es\/index.php\/contacto\/\",\"name\":\"Contacto - Grupo Proa\",\"isPartOf\":{\"@id\":\"https:\/\/grupoproa.es\/#website\"},\"primaryImageOfPage\":{\"@id\":\"https:\/\/grupoproa.es\/index.php\/contacto\/#primaryimage\"},\"image\":{\"@id\":\"https:\/\/grupoproa.es\/index.php\/contacto\/#primaryimage\"},\"thumbnailUrl\":\"https:\/\/grupoproa.es\/wp-content\/uploads\/2023\/09\/tel-copia.png\",\"datePublished\":\"2023-09-05T10:43:33+00:00\",\"dateModified\":\"2023-09-20T10:50:18+00:00\",\"breadcrumb\":{\"@id\":\"https:\/\/grupoproa.es\/index.php\/contacto\/#breadcrumb\"},\"inLanguage\":\"es\",\"potentialAction\":[{\"@type\":\"ReadAction\",\"target\":[\"https:\/\/grupoproa.es\/index.php\/contacto\/\"]}]},{\"@type\":\"ImageObject\",\"inLanguage\":\"es\",\"@id\":\"https:\/\/grupoproa.es\/index.php\/contacto\/#primaryimage\",\"url\":\"https:\/\/grupoproa.es\/wp-content\/uploads\/2023\/09\/tel-copia.png\",\"contentUrl\":\"https:\/\/grupoproa.es\/wp-content\/uploads\/2023\/09\/tel-copia.png\",\"width\":77,\"height\":104},{\"@type\":\"BreadcrumbList\",\"@id\":\"https:\/\/grupoproa.es\/index.php\/contacto\/#breadcrumb\",\"itemListElement\":[{\"@type\":\"ListItem\",\"position\":1,\"name\":\"Portada\",\"item\":\"https:\/\/grupoproa.es\/\"},{\"@type\":\"ListItem\",\"position\":2,\"name\":\"Contacto\"}]},{\"@type\":\"WebSite\",\"@id\":\"https:\/\/grupoproa.es\/#website\",\"url\":\"https:\/\/grupoproa.es\/\",\"name\":\"Grupo Proa\",\"description\":\"Servicios inmobiliarios\",\"publisher\":{\"@id\":\"https:\/\/grupoproa.es\/#organization\"},\"potentialAction\":[{\"@type\":\"SearchAction\",\"target\":{\"@type\":\"EntryPoint\",\"urlTemplate\":\"https:\/\/grupoproa.es\/?s={search_term_string}\"},\"query-input\":{\"@type\":\"PropertyValueSpecification\",\"valueRequired\":true,\"valueName\":\"search_term_string\"}}],\"inLanguage\":\"es\"},{\"@type\":\"Organization\",\"@id\":\"https:\/\/grupoproa.es\/#organization\",\"name\":\"Grupo Proa\",\"url\":\"https:\/\/grupoproa.es\/\",\"logo\":{\"@type\":\"ImageObject\",\"inLanguage\":\"es\",\"@id\":\"https:\/\/grupoproa.es\/#\/schema\/logo\/image\/\",\"url\":\"https:\/\/grupoproa.es\/wp-content\/uploads\/2023\/09\/grupoproa-header.jpg\",\"contentUrl\":\"https:\/\/grupoproa.es\/wp-content\/uploads\/2023\/09\/grupoproa-header.jpg\",\"width\":930,\"height\":314,\"caption\":\"Grupo Proa\"},\"image\":{\"@id\":\"https:\/\/grupoproa.es\/#\/schema\/logo\/image\/\"}}]}<\/script>\n<!-- \/ Yoast SEO plugin. -->","yoast_head_json":{"title":"Contacto - Grupo Proa","robots":{"index":"noindex","follow":"follow","max-snippet":"max-snippet:-1","max-image-preview":"max-image-preview:large","max-video-preview":"max-video-preview:-1"},"og_locale":"es_ES","og_type":"article","og_title":"Contacto - Grupo Proa","og_description":"N\u00famero de tel\u00e9fono: \u00a0 659 48 85 10 Correo electr\u00f3nico: administraci\u00f3n@grupoproa.es Plus code (c\u00f3digo de geolocalizaci\u00f3n): \u00a0946Q+R6 Oviedo","og_url":"https:\/\/grupoproa.es\/index.php\/contacto\/","og_site_name":"Grupo Proa","article_modified_time":"2023-09-20T10:50:18+00:00","og_image":[{"url":"https:\/\/grupoproa.es\/wp-content\/uploads\/2023\/09\/tel-copia.png","type":"","width":"","height":""}],"twitter_card":"summary_large_image","twitter_misc":{"Tiempo de lectura":"2 minutos"},"schema":{"@context":"https:\/\/schema.org","@graph":[{"@type":"WebPage","@id":"https:\/\/grupoproa.es\/index.php\/contacto\/","url":"https:\/\/grupoproa.es\/index.php\/contacto\/","name":"Contacto - Grupo Proa","isPartOf":{"@id":"https:\/\/grupoproa.es\/#website"},"primaryImageOfPage":{"@id":"https:\/\/grupoproa.es\/index.php\/contacto\/#primaryimage"},"image":{"@id":"https:\/\/grupoproa.es\/index.php\/contacto\/#primaryimage"},"thumbnailUrl":"https:\/\/grupoproa.es\/wp-content\/uploads\/2023\/09\/tel-copia.png","datePublished":"2023-09-05T10:43:33+00:00","dateModified":"2023-09-20T10:50:18+00:00","breadcrumb":{"@id":"https:\/\/grupoproa.es\/index.php\/contacto\/#breadcrumb"},"inLanguage":"es","potentialAction":[{"@type":"ReadAction","target":["https:\/\/grupoproa.es\/index.php\/contacto\/"]}]},{"@type":"ImageObject","inLanguage":"es","@id":"https:\/\/grupoproa.es\/index.php\/contacto\/#primaryimage","url":"https:\/\/grupoproa.es\/wp-content\/uploads\/2023\/09\/tel-copia.png","contentUrl":"https:\/\/grupoproa.es\/wp-content\/uploads\/2023\/09\/tel-copia.png","width":77,"height":104},{"@type":"BreadcrumbList","@id":"https:\/\/grupoproa.es\/index.php\/contacto\/#breadcrumb","itemListElement":[{"@type":"ListItem","position":1,"name":"Portada","item":"https:\/\/grupoproa.es\/"},{"@type":"ListItem","position":2,"name":"Contacto"}]},{"@type":"WebSite","@id":"https:\/\/grupoproa.es\/#website","url":"https:\/\/grupoproa.es\/","name":"Grupo Proa","description":"Servicios inmobiliarios","publisher":{"@id":"https:\/\/grupoproa.es\/#organization"},"potentialAction":[{"@type":"SearchAction","target":{"@type":"EntryPoint","urlTemplate":"https:\/\/grupoproa.es\/?s={search_term_string}"},"query-input":{"@type":"PropertyValueSpecification","valueRequired":true,"valueName":"search_term_string"}}],"inLanguage":"es"},{"@type":"Organization","@id":"https:\/\/grupoproa.es\/#organization","name":"Grupo Proa","url":"https:\/\/grupoproa.es\/","logo":{"@type":"ImageObject","inLanguage":"es","@id":"https:\/\/grupoproa.es\/#\/schema\/logo\/image\/","url":"https:\/\/grupoproa.es\/wp-content\/uploads\/2023\/09\/grupoproa-header.jpg","contentUrl":"https:\/\/grupoproa.es\/wp-content\/uploads\/2023\/09\/grupoproa-header.jpg","width":930,"height":314,"caption":"Grupo Proa"},"image":{"@id":"https:\/\/grupoproa.es\/#\/schema\/logo\/image\/"}}]}},"_links":{"self":[{"href":"https:\/\/grupoproa.es\/index.php\/wp-json\/wp\/v2\/pages\/116","targetHints":{"allow":["GET"]}}],"collection":[{"href":"https:\/\/grupoproa.es\/index.php\/wp-json\/wp\/v2\/pages"}],"about":[{"href":"https:\/\/grupoproa.es\/index.php\/wp-json\/wp\/v2\/types\/page"}],"author":[{"embeddable":true,"href":"https:\/\/grupoproa.es\/index.php\/wp-json\/wp\/v2\/users\/1"}],"replies":[{"embeddable":true,"href":"https:\/\/grupoproa.es\/index.php\/wp-json\/wp\/v2\/comments?post=116"}],"version-history":[{"count":91,"href":"https:\/\/grupoproa.es\/index.php\/wp-json\/wp\/v2\/pages\/116\/revisions"}],"predecessor-version":[{"id":997,"href":"https:\/\/grupoproa.es\/index.php\/wp-json\/wp\/v2\/pages\/116\/revisions\/997"}],"wp:attachment":[{"href":"https:\/\/grupoproa.es\/index.php\/wp-json\/wp\/v2\/media?parent=116"}],"curies":[{"name":"wp","href":"https:\/\/api.w.org\/{rel}","templated":true}]}}