{"id":2,"date":"2023-09-05T07:14:17","date_gmt":"2023-09-05T07:14:17","guid":{"rendered":"https:\/\/lucid-faraday.31-24-44-64.plesk.page\/?page_id=2"},"modified":"2023-09-20T12:57:18","modified_gmt":"2023-09-20T10:57:18","slug":"sample-page","status":"publish","type":"page","link":"https:\/\/grupoproa.es\/","title":{"rendered":"Inicio"},"content":{"rendered":"<p>[et_pb_section fb_built=\u00bb1&#8243; _builder_version=\u00bb4.21.0&#8243; _module_preset=\u00bbdefault\u00bb locked=\u00bboff\u00bb global_colors_info=\u00bb{}\u00bb][et_pb_row _builder_version=\u00bb4.21.0&#8243; _module_preset=\u00bbdefault\u00bb border_color_all=\u00bb#FFFFFF\u00bb global_colors_info=\u00bb{}\u00bb][et_pb_column type=\u00bb4_4&#8243; _builder_version=\u00bb4.21.0&#8243; _module_preset=\u00bbdefault\u00bb global_colors_info=\u00bb{}\u00bb][et_pb_text _builder_version=\u00bb4.21.0&#8243; _module_preset=\u00bbdefault\u00bb text_font=\u00bbRaleway||||||||\u00bb text_text_color=\u00bb#000000&#8243; text_orientation=\u00bbjustified\u00bb border_width_bottom=\u00bb1px\u00bb border_color_bottom=\u00bb#7CDA24&#8243; global_colors_info=\u00bb{}\u00bb]<\/p>\n<h3 style=\"text-align: justify;\"><strong>\u00bfQui\u00e9nes somos?<\/strong><\/h3>\n<p>[\/et_pb_text][\/et_pb_column][\/et_pb_row][et_pb_row _builder_version=\u00bb4.21.0&#8243; _module_preset=\u00bbdefault\u00bb global_colors_info=\u00bb{}\u00bb][et_pb_column type=\u00bb4_4&#8243; _builder_version=\u00bb4.21.0&#8243; _module_preset=\u00bbdefault\u00bb global_colors_info=\u00bb{}\u00bb][et_pb_image src=\u00bbhttps:\/\/grupoproa.es\/wp-content\/uploads\/2023\/09\/grupoproa-header.jpg\u00bb title_text=\u00bbgrupoproa-header\u00bb align=\u00bbcenter\u00bb _builder_version=\u00bb4.21.0&#8243; _module_preset=\u00bbdefault\u00bb global_colors_info=\u00bb{}\u00bb][\/et_pb_image][\/et_pb_column][\/et_pb_row][et_pb_row _builder_version=\u00bb4.21.0&#8243; _module_preset=\u00bbdefault\u00bb global_colors_info=\u00bb{}\u00bb][et_pb_column type=\u00bb4_4&#8243; _builder_version=\u00bb4.21.0&#8243; _module_preset=\u00bbdefault\u00bb global_colors_info=\u00bb{}\u00bb][et_pb_text _builder_version=\u00bb4.21.0&#8243; _module_preset=\u00bbdefault\u00bb text_font=\u00bbRaleway||||||||\u00bb text_text_color=\u00bb#000000&#8243; hover_enabled=\u00bb0&#8243; global_colors_info=\u00bb{}\u00bb sticky_enabled=\u00bb0&#8243;]<\/p>\n<div class=\"col-lg-12 col-md-12 col-sm-12\" style=\"text-align: justify;\"><span style=\"color: #000000;\"><strong>Grupo Proa<\/strong> engloba a varias sociedades que, llevan m\u00e1s de una d\u00e9cada, ofreciendo sus servicios a empresas que han optado por canalizar sus necesidades de expansi\u00f3n.<\/span><\/div>\n<div class=\"col-lg-12 col-md-12 col-sm-12\">\n<p style=\"text-align: justify;\"><span style=\"color: #000000;\">As\u00ed, y bas\u00e1ndonos en la formaci\u00f3n y dilatada experiencia de de los integrantes del grupo, estamos en disposici\u00f3n de facilitar a empresas de todo tipo, las mejores soluciones para sus demandas en cuanto a: localizaci\u00f3n, expansi\u00f3n, inversi\u00f3n, desinversi\u00f3n, deslocalizaci\u00f3n, obras, proyectos, etc.<\/span><\/p>\n<p style=\"text-align: justify;\"><span style=\"color: #000000;\">Tambi\u00e9n nos esforzamos por estar al d\u00eda de los cambios en el mercado, con el fin de poder ofrecer los mejores servicios posibles a nuestros clientes. Trabajamos con los <\/span><span style=\"color: #000000;\">mejores proveedores, ofreciendo las soluciones adecuadas para el mercado global.<\/span><\/p>\n<p style=\"text-align: justify;\"><span style=\"color: #000000;\">El Grupo Proa, como ense\u00f1a de las empresas colaboradoras, les ofrecen a sus clientes una base de seguridad para desarrollar sus futuros proyectos.<\/span><\/p>\n<p style=\"text-align: justify;\"><span style=\"color: #000000;\">Si nos interesase alguna parcela, su compra o alguiler, depender\u00eda b\u00e1sicamente de los precios de mercado y su situaci\u00f3n geogr\u00e1fica.<\/span><\/p>\n<p style=\"text-align: justify;\"><span style=\"color: #000000;\">Trabajamos en: Madrid, Castilla y Le\u00f3n, Galicia, el Principado de Asturias y Cantabria.<\/span><\/p>\n<\/div>\n<p>[\/et_pb_text][\/et_pb_column][\/et_pb_row][et_pb_row _builder_version=\u00bb4.21.0&#8243; _module_preset=\u00bbdefault\u00bb global_colors_info=\u00bb{}\u00bb][et_pb_column type=\u00bb4_4&#8243; _builder_version=\u00bb4.21.0&#8243; _module_preset=\u00bbdefault\u00bb global_colors_info=\u00bb{}\u00bb][\/et_pb_column][\/et_pb_row][\/et_pb_section]<\/p>\n","protected":false},"excerpt":{"rendered":"<p>\u00bfQui\u00e9nes somos?Grupo Proa engloba a varias sociedades que, llevan m\u00e1s de una d\u00e9cada, ofreciendo sus servicios a empresas que han optado por canalizar sus necesidades de expansi\u00f3n. As\u00ed, y bas\u00e1ndonos en la formaci\u00f3n y dilatada experiencia de de los integrantes del grupo, estamos en disposici\u00f3n de facilitar a empresas de todo tipo, las mejores soluciones [&hellip;]<\/p>\n","protected":false},"author":1,"featured_media":0,"parent":0,"menu_order":0,"comment_status":"closed","ping_status":"open","template":"","meta":{"_et_pb_use_builder":"on","_et_pb_old_content":"<!-- wp:paragraph -->\r\n<p>This is an example page. It's different from a blog post because it will stay in one place and will show up in your site navigation (in most themes). Most people start with an About page that introduces them to potential site visitors. It might say something like this:<\/p>\r\n<!-- \/wp:paragraph -->\r\n\r\n<!-- wp:quote -->\r\n<blockquote class=\"wp-block-quote\"><!-- wp:paragraph -->\r\n<p>Hi there! I'm a bike messenger by day, aspiring actor by night, and this is my website. I live in Los Angeles, have a great dog named Jack, and I like pi\u00f1a coladas. (And gettin' caught in the rain.)<\/p>\r\n<!-- \/wp:paragraph --><\/blockquote>\r\n<!-- \/wp:quote -->\r\n\r\n<!-- wp:paragraph -->\r\n<p>...or something like this:<\/p>\r\n<!-- \/wp:paragraph -->\r\n\r\n<!-- wp:quote -->\r\n<blockquote class=\"wp-block-quote\"><!-- wp:paragraph -->\r\n<p>The XYZ Doohickey Company was founded in 1971, and has been providing quality doohickeys to the public ever since. Located in Gotham City, XYZ employs over 2,000 people and does all kinds of awesome things for the Gotham community.<\/p>\r\n<!-- \/wp:paragraph --><\/blockquote>\r\n<!-- \/wp:quote -->\r\n\r\n<!-- wp:paragraph -->\r\n<p>As a new WordPress user, you should go to <a href=\"https:\/\/grupoproa.es\/wp-admin\/\">your dashboard<\/a> to delete this page and create new pages for your content. Have fun!<\/p>\r\n<!-- \/wp:paragraph -->","_et_gb_content_width":"","footnotes":""},"class_list":["post-2","page","type-page","status-publish","hentry"],"yoast_head":"<!-- This site is optimized with the Yoast SEO plugin v26.9 - https:\/\/yoast.com\/product\/yoast-seo-wordpress\/ -->\n<title>Inicio - Grupo Proa<\/title>\n<meta name=\"robots\" content=\"noindex, follow, max-snippet:-1, max-image-preview:large, max-video-preview:-1\" \/>\n<meta property=\"og:locale\" content=\"es_ES\" \/>\n<meta property=\"og:type\" content=\"article\" \/>\n<meta property=\"og:title\" content=\"Inicio - Grupo Proa\" \/>\n<meta property=\"og:description\" content=\"\u00bfQui\u00e9nes somos?Grupo Proa engloba a varias sociedades que, llevan m\u00e1s de una d\u00e9cada, ofreciendo sus servicios a empresas que han optado por canalizar sus necesidades de expansi\u00f3n. As\u00ed, y bas\u00e1ndonos en la formaci\u00f3n y dilatada experiencia de de los integrantes del grupo, estamos en disposici\u00f3n de facilitar a empresas de todo tipo, las mejores soluciones [&hellip;]\" \/>\n<meta property=\"og:url\" content=\"https:\/\/grupoproa.es\/\" \/>\n<meta property=\"og:site_name\" content=\"Grupo Proa\" \/>\n<meta property=\"article:modified_time\" content=\"2023-09-20T10:57:18+00:00\" \/>\n<meta name=\"twitter:card\" content=\"summary_large_image\" \/>\n<meta name=\"twitter:label1\" content=\"Tiempo de lectura\" \/>\n\t<meta name=\"twitter:data1\" content=\"2 minutos\" \/>\n<script type=\"application\/ld+json\" class=\"yoast-schema-graph\">{\"@context\":\"https:\/\/schema.org\",\"@graph\":[{\"@type\":\"WebPage\",\"@id\":\"https:\/\/grupoproa.es\/\",\"url\":\"https:\/\/grupoproa.es\/\",\"name\":\"Inicio - Grupo Proa\",\"isPartOf\":{\"@id\":\"https:\/\/grupoproa.es\/#website\"},\"datePublished\":\"2023-09-05T07:14:17+00:00\",\"dateModified\":\"2023-09-20T10:57:18+00:00\",\"breadcrumb\":{\"@id\":\"https:\/\/grupoproa.es\/#breadcrumb\"},\"inLanguage\":\"es\",\"potentialAction\":[{\"@type\":\"ReadAction\",\"target\":[\"https:\/\/grupoproa.es\/\"]}]},{\"@type\":\"BreadcrumbList\",\"@id\":\"https:\/\/grupoproa.es\/#breadcrumb\",\"itemListElement\":[{\"@type\":\"ListItem\",\"position\":1,\"name\":\"Portada\",\"item\":\"https:\/\/grupoproa.es\/\"},{\"@type\":\"ListItem\",\"position\":2,\"name\":\"Inicio\"}]},{\"@type\":\"WebSite\",\"@id\":\"https:\/\/grupoproa.es\/#website\",\"url\":\"https:\/\/grupoproa.es\/\",\"name\":\"Grupo Proa\",\"description\":\"Servicios inmobiliarios\",\"publisher\":{\"@id\":\"https:\/\/grupoproa.es\/#organization\"},\"potentialAction\":[{\"@type\":\"SearchAction\",\"target\":{\"@type\":\"EntryPoint\",\"urlTemplate\":\"https:\/\/grupoproa.es\/?s={search_term_string}\"},\"query-input\":{\"@type\":\"PropertyValueSpecification\",\"valueRequired\":true,\"valueName\":\"search_term_string\"}}],\"inLanguage\":\"es\"},{\"@type\":\"Organization\",\"@id\":\"https:\/\/grupoproa.es\/#organization\",\"name\":\"Grupo Proa\",\"url\":\"https:\/\/grupoproa.es\/\",\"logo\":{\"@type\":\"ImageObject\",\"inLanguage\":\"es\",\"@id\":\"https:\/\/grupoproa.es\/#\/schema\/logo\/image\/\",\"url\":\"https:\/\/grupoproa.es\/wp-content\/uploads\/2023\/09\/grupoproa-header.jpg\",\"contentUrl\":\"https:\/\/grupoproa.es\/wp-content\/uploads\/2023\/09\/grupoproa-header.jpg\",\"width\":930,\"height\":314,\"caption\":\"Grupo Proa\"},\"image\":{\"@id\":\"https:\/\/grupoproa.es\/#\/schema\/logo\/image\/\"}}]}<\/script>\n<!-- \/ Yoast SEO plugin. -->","yoast_head_json":{"title":"Inicio - Grupo Proa","robots":{"index":"noindex","follow":"follow","max-snippet":"max-snippet:-1","max-image-preview":"max-image-preview:large","max-video-preview":"max-video-preview:-1"},"og_locale":"es_ES","og_type":"article","og_title":"Inicio - Grupo Proa","og_description":"\u00bfQui\u00e9nes somos?Grupo Proa engloba a varias sociedades que, llevan m\u00e1s de una d\u00e9cada, ofreciendo sus servicios a empresas que han optado por canalizar sus necesidades de expansi\u00f3n. As\u00ed, y bas\u00e1ndonos en la formaci\u00f3n y dilatada experiencia de de los integrantes del grupo, estamos en disposici\u00f3n de facilitar a empresas de todo tipo, las mejores soluciones [&hellip;]","og_url":"https:\/\/grupoproa.es\/","og_site_name":"Grupo Proa","article_modified_time":"2023-09-20T10:57:18+00:00","twitter_card":"summary_large_image","twitter_misc":{"Tiempo de lectura":"2 minutos"},"schema":{"@context":"https:\/\/schema.org","@graph":[{"@type":"WebPage","@id":"https:\/\/grupoproa.es\/","url":"https:\/\/grupoproa.es\/","name":"Inicio - Grupo Proa","isPartOf":{"@id":"https:\/\/grupoproa.es\/#website"},"datePublished":"2023-09-05T07:14:17+00:00","dateModified":"2023-09-20T10:57:18+00:00","breadcrumb":{"@id":"https:\/\/grupoproa.es\/#breadcrumb"},"inLanguage":"es","potentialAction":[{"@type":"ReadAction","target":["https:\/\/grupoproa.es\/"]}]},{"@type":"BreadcrumbList","@id":"https:\/\/grupoproa.es\/#breadcrumb","itemListElement":[{"@type":"ListItem","position":1,"name":"Portada","item":"https:\/\/grupoproa.es\/"},{"@type":"ListItem","position":2,"name":"Inicio"}]},{"@type":"WebSite","@id":"https:\/\/grupoproa.es\/#website","url":"https:\/\/grupoproa.es\/","name":"Grupo Proa","description":"Servicios inmobiliarios","publisher":{"@id":"https:\/\/grupoproa.es\/#organization"},"potentialAction":[{"@type":"SearchAction","target":{"@type":"EntryPoint","urlTemplate":"https:\/\/grupoproa.es\/?s={search_term_string}"},"query-input":{"@type":"PropertyValueSpecification","valueRequired":true,"valueName":"search_term_string"}}],"inLanguage":"es"},{"@type":"Organization","@id":"https:\/\/grupoproa.es\/#organization","name":"Grupo Proa","url":"https:\/\/grupoproa.es\/","logo":{"@type":"ImageObject","inLanguage":"es","@id":"https:\/\/grupoproa.es\/#\/schema\/logo\/image\/","url":"https:\/\/grupoproa.es\/wp-content\/uploads\/2023\/09\/grupoproa-header.jpg","contentUrl":"https:\/\/grupoproa.es\/wp-content\/uploads\/2023\/09\/grupoproa-header.jpg","width":930,"height":314,"caption":"Grupo Proa"},"image":{"@id":"https:\/\/grupoproa.es\/#\/schema\/logo\/image\/"}}]}},"_links":{"self":[{"href":"https:\/\/grupoproa.es\/index.php\/wp-json\/wp\/v2\/pages\/2","targetHints":{"allow":["GET"]}}],"collection":[{"href":"https:\/\/grupoproa.es\/index.php\/wp-json\/wp\/v2\/pages"}],"about":[{"href":"https:\/\/grupoproa.es\/index.php\/wp-json\/wp\/v2\/types\/page"}],"author":[{"embeddable":true,"href":"https:\/\/grupoproa.es\/index.php\/wp-json\/wp\/v2\/users\/1"}],"replies":[{"embeddable":true,"href":"https:\/\/grupoproa.es\/index.php\/wp-json\/wp\/v2\/comments?post=2"}],"version-history":[{"count":90,"href":"https:\/\/grupoproa.es\/index.php\/wp-json\/wp\/v2\/pages\/2\/revisions"}],"predecessor-version":[{"id":1000,"href":"https:\/\/grupoproa.es\/index.php\/wp-json\/wp\/v2\/pages\/2\/revisions\/1000"}],"wp:attachment":[{"href":"https:\/\/grupoproa.es\/index.php\/wp-json\/wp\/v2\/media?parent=2"}],"curies":[{"name":"wp","href":"https:\/\/api.w.org\/{rel}","templated":true}]}}