{"id":78,"date":"2023-09-05T09:41:26","date_gmt":"2023-09-05T09:41:26","guid":{"rendered":"https:\/\/lucid-faraday.31-24-44-64.plesk.page\/?page_id=78"},"modified":"2023-09-20T11:39:29","modified_gmt":"2023-09-20T09:39:29","slug":"78-2","status":"publish","type":"page","link":"https:\/\/grupoproa.es\/index.php\/78-2\/","title":{"rendered":"L\u00edneas de negocio"},"content":{"rendered":"<p>[et_pb_section fb_built=\u00bb1&#8243; _builder_version=\u00bb4.21.0&#8243; _module_preset=\u00bbdefault\u00bb global_colors_info=\u00bb{}\u00bb][et_pb_row _builder_version=\u00bb4.21.0&#8243; _module_preset=\u00bbdefault\u00bb border_color_all=\u00bbRGBA(255,255,255,0)\u00bb border_width_bottom=\u00bb1px\u00bb global_colors_info=\u00bb{}\u00bb][et_pb_column type=\u00bb4_4&#8243; _builder_version=\u00bb4.21.0&#8243; _module_preset=\u00bbdefault\u00bb global_colors_info=\u00bb{}\u00bb][et_pb_text _builder_version=\u00bb4.21.0&#8243; _module_preset=\u00bbdefault\u00bb text_font=\u00bbRaleway||||||||\u00bb border_width_bottom=\u00bb1px\u00bb border_color_bottom=\u00bb#7CDA24&#8243; global_colors_info=\u00bb{}\u00bb]<\/p>\n<h3><strong>L\u00edneas de negocio<\/strong><\/h3>\n<p>[\/et_pb_text][\/et_pb_column][\/et_pb_row][et_pb_row _builder_version=\u00bb4.21.0&#8243; _module_preset=\u00bbdefault\u00bb global_colors_info=\u00bb{}\u00bb][et_pb_column type=\u00bb4_4&#8243; _builder_version=\u00bb4.21.0&#8243; _module_preset=\u00bbdefault\u00bb global_colors_info=\u00bb{}\u00bb][et_pb_image src=\u00bbhttps:\/\/grupoproa.es\/wp-content\/uploads\/2023\/09\/lineas-negocio.jpg\u00bb title_text=\u00bblineas-negocio\u00bb align=\u00bbcenter\u00bb _builder_version=\u00bb4.21.0&#8243; _module_preset=\u00bbdefault\u00bb global_colors_info=\u00bb{}\u00bb][\/et_pb_image][\/et_pb_column][\/et_pb_row][et_pb_row _builder_version=\u00bb4.21.0&#8243; _module_preset=\u00bbdefault\u00bb global_colors_info=\u00bb{}\u00bb][et_pb_column type=\u00bb4_4&#8243; _builder_version=\u00bb4.21.0&#8243; _module_preset=\u00bbdefault\u00bb global_colors_info=\u00bb{}\u00bb][et_pb_text _builder_version=\u00bb4.21.0&#8243; _module_preset=\u00bbdefault\u00bb text_font=\u00bbRaleway||||||||\u00bb text_text_color=\u00bb#000000&#8243; global_colors_info=\u00bb{}\u00bb]<\/p>\n<h3 style=\"text-align: justify;\"><strong>Nuestros servicios m\u00e1s representativos son:<\/strong><\/h3>\n<p style=\"text-align: justify;\"><strong><\/strong><\/p>\n<p style=\"text-align: justify;\"><strong><\/strong><\/p>\n<ul>\n<li style=\"text-align: justify;\"><strong>Una dilatada experiencia en la compraventa <\/strong><span><strong>y desarrollo<\/strong> <strong>de:<\/strong><\/span><span>\u00a0<\/span>superficies comerciales<span>, suelo, edificios singulares, <\/span>geri\u00e1tricos, residencias de estudiantes, cl\u00ednicas y centros deportivos y de ocio.<\/li>\n<li style=\"text-align: justify;\"><strong>Negociaci\u00f3n \u00edntegra de los contratos:<\/strong><span> c<\/span>ompraventa, arriendos, subarriendos, ceses de contratos, modificaciones puntuales, as\u00ed como la organizaci\u00f3n de firmas, acuerdos, reuniones y negociaciones.<\/li>\n<li style=\"text-align: justify;\"><b>Llave en mano. <\/b>Ofrecemos nuestros servicios, que incluyen: la b\u00fasqueda de la ubicaci\u00f3n, la consecuci\u00f3n del proyecto (ya sea de arquitectura o ingenier\u00eda) para entidades, tanto p\u00fablicas como privadas a nivel nacional e internacional, su realizaci\u00f3n,\u00a0 la apertura del negocio, su control y seguimiento (mantenimiento)<b><span>.\u00a0<\/span><\/b><\/li>\n<li style=\"text-align: justify;\"><strong>Asesoramiento estrate\u0301gico:<\/strong> ana\u0301lisis de poblacio\u0301n, competencia, evolucio\u0301n, normativa, etc.<\/li>\n<li style=\"text-align: justify;\"><strong>Bu\u0301squeda de inversores<\/strong> que puedan satisfacer sus necesidades de financiacio\u0301n y de localizacio\u0301n.<\/li>\n<li style=\"text-align: justify;\"><strong>Estudios comerciales<\/strong>. Ofrecemos informes comerciales detallados de las ubicaciones que puedan resultar interesantes para nuestros clientes, asi\u0301 como el ofrecimiento de ubicaciones que a nosotros, por el contacto continuo con el mercado, nos puedan resultar interesantes para desarrollar su actividad.<\/li>\n<li style=\"text-align: justify;\"><strong>Realizamos cierres <\/strong>de todo tipo de superficies comerciales en su totalidad. Tramitamos los permisos para llevar a cabo las obras, nos ocupamos de la seguridad y la consecuci\u00f3n del mobiliario para el desarrollo de los negocios con total normalidad.<\/li>\n<li style=\"text-align: justify;\"><strong>Negociamos cierres con propietarios<\/strong>. Buscamos soluciones comunes, resolvemos conflictos entre propietario e inquilino, pudiendo ofrecer hasta el obligado cumplimiento de algunos contratos de arrendamiento en locales y superficies comerciales.<\/li>\n<\/ul>\n<p>[\/et_pb_text][\/et_pb_column][\/et_pb_row][\/et_pb_section]<\/p>\n","protected":false},"excerpt":{"rendered":"<p>L\u00edneas de negocioNuestros servicios m\u00e1s representativos son: Una dilatada experiencia en la compraventa y desarrollo de:\u00a0superficies comerciales, suelo, edificios singulares, geri\u00e1tricos, residencias de estudiantes, cl\u00ednicas y centros deportivos y de ocio. Negociaci\u00f3n \u00edntegra de los contratos: compraventa, arriendos, subarriendos, ceses de contratos, modificaciones puntuales, as\u00ed como la organizaci\u00f3n de firmas, acuerdos, reuniones y negociaciones. Llave [&hellip;]<\/p>\n","protected":false},"author":1,"featured_media":0,"parent":0,"menu_order":0,"comment_status":"closed","ping_status":"closed","template":"","meta":{"_et_pb_use_builder":"on","_et_pb_old_content":"","_et_gb_content_width":"","footnotes":""},"class_list":["post-78","page","type-page","status-publish","hentry"],"yoast_head":"<!-- This site is optimized with the Yoast SEO plugin v26.9 - https:\/\/yoast.com\/product\/yoast-seo-wordpress\/ -->\n<title>L\u00edneas de negocio - Grupo Proa<\/title>\n<meta name=\"robots\" content=\"noindex, follow, max-snippet:-1, max-image-preview:large, max-video-preview:-1\" \/>\n<meta property=\"og:locale\" content=\"es_ES\" \/>\n<meta property=\"og:type\" content=\"article\" \/>\n<meta property=\"og:title\" content=\"L\u00edneas de negocio - Grupo Proa\" \/>\n<meta property=\"og:description\" content=\"L\u00edneas de negocioNuestros servicios m\u00e1s representativos son: Una dilatada experiencia en la compraventa y desarrollo de:\u00a0superficies comerciales, suelo, edificios singulares, geri\u00e1tricos, residencias de estudiantes, cl\u00ednicas y centros deportivos y de ocio. Negociaci\u00f3n \u00edntegra de los contratos: compraventa, arriendos, subarriendos, ceses de contratos, modificaciones puntuales, as\u00ed como la organizaci\u00f3n de firmas, acuerdos, reuniones y negociaciones. Llave [&hellip;]\" \/>\n<meta property=\"og:url\" content=\"https:\/\/grupoproa.es\/index.php\/78-2\/\" \/>\n<meta property=\"og:site_name\" content=\"Grupo Proa\" \/>\n<meta property=\"article:modified_time\" content=\"2023-09-20T09:39:29+00:00\" \/>\n<meta name=\"twitter:card\" content=\"summary_large_image\" \/>\n<meta name=\"twitter:label1\" content=\"Tiempo de lectura\" \/>\n\t<meta name=\"twitter:data1\" content=\"2 minutos\" \/>\n<script type=\"application\/ld+json\" class=\"yoast-schema-graph\">{\"@context\":\"https:\/\/schema.org\",\"@graph\":[{\"@type\":\"WebPage\",\"@id\":\"https:\/\/grupoproa.es\/index.php\/78-2\/\",\"url\":\"https:\/\/grupoproa.es\/index.php\/78-2\/\",\"name\":\"L\u00edneas de negocio - Grupo Proa\",\"isPartOf\":{\"@id\":\"https:\/\/grupoproa.es\/#website\"},\"datePublished\":\"2023-09-05T09:41:26+00:00\",\"dateModified\":\"2023-09-20T09:39:29+00:00\",\"breadcrumb\":{\"@id\":\"https:\/\/grupoproa.es\/index.php\/78-2\/#breadcrumb\"},\"inLanguage\":\"es\",\"potentialAction\":[{\"@type\":\"ReadAction\",\"target\":[\"https:\/\/grupoproa.es\/index.php\/78-2\/\"]}]},{\"@type\":\"BreadcrumbList\",\"@id\":\"https:\/\/grupoproa.es\/index.php\/78-2\/#breadcrumb\",\"itemListElement\":[{\"@type\":\"ListItem\",\"position\":1,\"name\":\"Portada\",\"item\":\"https:\/\/grupoproa.es\/\"},{\"@type\":\"ListItem\",\"position\":2,\"name\":\"L\u00edneas de negocio\"}]},{\"@type\":\"WebSite\",\"@id\":\"https:\/\/grupoproa.es\/#website\",\"url\":\"https:\/\/grupoproa.es\/\",\"name\":\"Grupo Proa\",\"description\":\"Servicios inmobiliarios\",\"publisher\":{\"@id\":\"https:\/\/grupoproa.es\/#organization\"},\"potentialAction\":[{\"@type\":\"SearchAction\",\"target\":{\"@type\":\"EntryPoint\",\"urlTemplate\":\"https:\/\/grupoproa.es\/?s={search_term_string}\"},\"query-input\":{\"@type\":\"PropertyValueSpecification\",\"valueRequired\":true,\"valueName\":\"search_term_string\"}}],\"inLanguage\":\"es\"},{\"@type\":\"Organization\",\"@id\":\"https:\/\/grupoproa.es\/#organization\",\"name\":\"Grupo Proa\",\"url\":\"https:\/\/grupoproa.es\/\",\"logo\":{\"@type\":\"ImageObject\",\"inLanguage\":\"es\",\"@id\":\"https:\/\/grupoproa.es\/#\/schema\/logo\/image\/\",\"url\":\"https:\/\/grupoproa.es\/wp-content\/uploads\/2023\/09\/grupoproa-header.jpg\",\"contentUrl\":\"https:\/\/grupoproa.es\/wp-content\/uploads\/2023\/09\/grupoproa-header.jpg\",\"width\":930,\"height\":314,\"caption\":\"Grupo Proa\"},\"image\":{\"@id\":\"https:\/\/grupoproa.es\/#\/schema\/logo\/image\/\"}}]}<\/script>\n<!-- \/ Yoast SEO plugin. -->","yoast_head_json":{"title":"L\u00edneas de negocio - Grupo Proa","robots":{"index":"noindex","follow":"follow","max-snippet":"max-snippet:-1","max-image-preview":"max-image-preview:large","max-video-preview":"max-video-preview:-1"},"og_locale":"es_ES","og_type":"article","og_title":"L\u00edneas de negocio - Grupo Proa","og_description":"L\u00edneas de negocioNuestros servicios m\u00e1s representativos son: Una dilatada experiencia en la compraventa y desarrollo de:\u00a0superficies comerciales, suelo, edificios singulares, geri\u00e1tricos, residencias de estudiantes, cl\u00ednicas y centros deportivos y de ocio. Negociaci\u00f3n \u00edntegra de los contratos: compraventa, arriendos, subarriendos, ceses de contratos, modificaciones puntuales, as\u00ed como la organizaci\u00f3n de firmas, acuerdos, reuniones y negociaciones. Llave [&hellip;]","og_url":"https:\/\/grupoproa.es\/index.php\/78-2\/","og_site_name":"Grupo Proa","article_modified_time":"2023-09-20T09:39:29+00:00","twitter_card":"summary_large_image","twitter_misc":{"Tiempo de lectura":"2 minutos"},"schema":{"@context":"https:\/\/schema.org","@graph":[{"@type":"WebPage","@id":"https:\/\/grupoproa.es\/index.php\/78-2\/","url":"https:\/\/grupoproa.es\/index.php\/78-2\/","name":"L\u00edneas de negocio - Grupo Proa","isPartOf":{"@id":"https:\/\/grupoproa.es\/#website"},"datePublished":"2023-09-05T09:41:26+00:00","dateModified":"2023-09-20T09:39:29+00:00","breadcrumb":{"@id":"https:\/\/grupoproa.es\/index.php\/78-2\/#breadcrumb"},"inLanguage":"es","potentialAction":[{"@type":"ReadAction","target":["https:\/\/grupoproa.es\/index.php\/78-2\/"]}]},{"@type":"BreadcrumbList","@id":"https:\/\/grupoproa.es\/index.php\/78-2\/#breadcrumb","itemListElement":[{"@type":"ListItem","position":1,"name":"Portada","item":"https:\/\/grupoproa.es\/"},{"@type":"ListItem","position":2,"name":"L\u00edneas de negocio"}]},{"@type":"WebSite","@id":"https:\/\/grupoproa.es\/#website","url":"https:\/\/grupoproa.es\/","name":"Grupo Proa","description":"Servicios inmobiliarios","publisher":{"@id":"https:\/\/grupoproa.es\/#organization"},"potentialAction":[{"@type":"SearchAction","target":{"@type":"EntryPoint","urlTemplate":"https:\/\/grupoproa.es\/?s={search_term_string}"},"query-input":{"@type":"PropertyValueSpecification","valueRequired":true,"valueName":"search_term_string"}}],"inLanguage":"es"},{"@type":"Organization","@id":"https:\/\/grupoproa.es\/#organization","name":"Grupo Proa","url":"https:\/\/grupoproa.es\/","logo":{"@type":"ImageObject","inLanguage":"es","@id":"https:\/\/grupoproa.es\/#\/schema\/logo\/image\/","url":"https:\/\/grupoproa.es\/wp-content\/uploads\/2023\/09\/grupoproa-header.jpg","contentUrl":"https:\/\/grupoproa.es\/wp-content\/uploads\/2023\/09\/grupoproa-header.jpg","width":930,"height":314,"caption":"Grupo Proa"},"image":{"@id":"https:\/\/grupoproa.es\/#\/schema\/logo\/image\/"}}]}},"_links":{"self":[{"href":"https:\/\/grupoproa.es\/index.php\/wp-json\/wp\/v2\/pages\/78","targetHints":{"allow":["GET"]}}],"collection":[{"href":"https:\/\/grupoproa.es\/index.php\/wp-json\/wp\/v2\/pages"}],"about":[{"href":"https:\/\/grupoproa.es\/index.php\/wp-json\/wp\/v2\/types\/page"}],"author":[{"embeddable":true,"href":"https:\/\/grupoproa.es\/index.php\/wp-json\/wp\/v2\/users\/1"}],"replies":[{"embeddable":true,"href":"https:\/\/grupoproa.es\/index.php\/wp-json\/wp\/v2\/comments?post=78"}],"version-history":[{"count":42,"href":"https:\/\/grupoproa.es\/index.php\/wp-json\/wp\/v2\/pages\/78\/revisions"}],"predecessor-version":[{"id":969,"href":"https:\/\/grupoproa.es\/index.php\/wp-json\/wp\/v2\/pages\/78\/revisions\/969"}],"wp:attachment":[{"href":"https:\/\/grupoproa.es\/index.php\/wp-json\/wp\/v2\/media?parent=78"}],"curies":[{"name":"wp","href":"https:\/\/api.w.org\/{rel}","templated":true}]}}