{"id":96,"date":"2023-09-05T10:17:52","date_gmt":"2023-09-05T10:17:52","guid":{"rendered":"https:\/\/lucid-faraday.31-24-44-64.plesk.page\/?page_id=96"},"modified":"2023-09-20T11:42:43","modified_gmt":"2023-09-20T09:42:43","slug":"servicios","status":"publish","type":"page","link":"https:\/\/grupoproa.es\/index.php\/servicios\/","title":{"rendered":"Servicios"},"content":{"rendered":"<p>[et_pb_section fb_built=\u00bb1&#8243; _builder_version=\u00bb4.21.0&#8243; _module_preset=\u00bbdefault\u00bb global_colors_info=\u00bb{}\u00bb][et_pb_row _builder_version=\u00bb4.21.0&#8243; _module_preset=\u00bbdefault\u00bb border_width_all=\u00bb1px\u00bb border_color_all=\u00bb#FFFFFF\u00bb border_width_bottom=\u00bb1px\u00bb global_colors_info=\u00bb{}\u00bb][et_pb_column type=\u00bb4_4&#8243; _builder_version=\u00bb4.21.0&#8243; _module_preset=\u00bbdefault\u00bb global_colors_info=\u00bb{}\u00bb][et_pb_text _builder_version=\u00bb4.21.0&#8243; _module_preset=\u00bbdefault\u00bb text_font=\u00bbRaleway||||||||\u00bb text_text_color=\u00bb#000000&#8243; border_width_bottom=\u00bb1px\u00bb border_color_bottom=\u00bb#7CDA24&#8243; global_colors_info=\u00bb{}\u00bb]<\/p>\n<h3 style=\"text-align: justify;\">Servicios<\/h3>\n<p>[\/et_pb_text][\/et_pb_column][\/et_pb_row][et_pb_row column_structure=\u00bb1_3,1_3,1_3&#8243; _builder_version=\u00bb4.21.0&#8243; _module_preset=\u00bbdefault\u00bb global_colors_info=\u00bb{}\u00bb][et_pb_column type=\u00bb1_3&#8243; _builder_version=\u00bb4.21.0&#8243; _module_preset=\u00bbdefault\u00bb global_colors_info=\u00bb{}\u00bb][et_pb_image src=\u00bbhttps:\/\/grupoproa.es\/wp-content\/uploads\/2023\/09\/ubicacion.jpg\u00bb title_text=\u00bbubicacion\u00bb align=\u00bbcenter\u00bb _builder_version=\u00bb4.21.0&#8243; _module_preset=\u00bbdefault\u00bb global_colors_info=\u00bb{}\u00bb][\/et_pb_image][et_pb_text _builder_version=\u00bb4.21.0&#8243; _module_preset=\u00bbdefault\u00bb text_font=\u00bbRaleway||||||||\u00bb text_text_color=\u00bb#000000&#8243; global_colors_info=\u00bb{}\u00bb]<\/p>\n<h3 style=\"text-align: center;\">Ubicaciones para tu negocio<\/h3>\n<h3 style=\"text-align: center;\"><span><\/span><\/h3>\n<p style=\"text-align: justify;\"><span>Gracias a nuestra extensa base de datos, estamos en disposici\u00f3n de ofrecerte todo tipo de ubicaciones, en diferentes zonas, precios y tama\u00f1os. Dinos qu\u00e9 necesitas\u00a0 y si no lo tenemos,\u00a0 te lo buscamos. Negociaci\u00f3n \u00edntegra de los contratos.<\/span><\/p>\n<p>[\/et_pb_text][\/et_pb_column][et_pb_column type=\u00bb1_3&#8243; _builder_version=\u00bb4.21.0&#8243; _module_preset=\u00bbdefault\u00bb global_colors_info=\u00bb{}\u00bb][et_pb_image src=\u00bbhttps:\/\/grupoproa.es\/wp-content\/uploads\/2023\/09\/catastral-inside.jpg\u00bb title_text=\u00bbcatastral-inside\u00bb align=\u00bbcenter\u00bb _builder_version=\u00bb4.21.0&#8243; _module_preset=\u00bbdefault\u00bb global_colors_info=\u00bb{}\u00bb][\/et_pb_image][et_pb_text _builder_version=\u00bb4.21.0&#8243; _module_preset=\u00bbdefault\u00bb text_font=\u00bbRaleway||||||||\u00bb text_text_color=\u00bb#000000&#8243; global_colors_info=\u00bb{}\u00bb]<\/p>\n<h3 style=\"text-align: center;\">Gestiones catastrales<\/h3>\n<ul>\n<li style=\"text-align: justify;\"><span>Mediciones topogr\u00e1ficas.<\/span><\/li>\n<li style=\"text-align: justify;\"><span>Segregaciones y <\/span><span>agrupaciones.<\/span><\/li>\n<li style=\"text-align: justify;\"><span>Archivos GML (lenguaje de marcado geogr\u00e1fico, por sus siglas en ingl\u00e9s).<\/span><\/li>\n<li style=\"text-align: justify;\"><span>Georreferenciaci\u00f3n y validaci\u00f3n.<\/span><\/li>\n<\/ul>\n<p>[\/et_pb_text][\/et_pb_column][et_pb_column type=\u00bb1_3&#8243; _builder_version=\u00bb4.21.0&#8243; _module_preset=\u00bbdefault\u00bb global_colors_info=\u00bb{}\u00bb][et_pb_image src=\u00bbhttps:\/\/grupoproa.es\/wp-content\/uploads\/2023\/09\/local.jpg\u00bb title_text=\u00bblocal\u00bb align=\u00bbcenter\u00bb _builder_version=\u00bb4.21.0&#8243; _module_preset=\u00bbdefault\u00bb global_colors_info=\u00bb{}\u00bb][\/et_pb_image][et_pb_text _builder_version=\u00bb4.21.0&#8243; _module_preset=\u00bbdefault\u00bb text_font=\u00bbRaleway||||||||\u00bb text_text_color=\u00bb#000000&#8243; global_colors_info=\u00bb{}\u00bb]<\/p>\n<h3 style=\"text-align: center;\">Env\u00edanos tu propiedad<span style=\"text-align: justify;\"><\/span><\/h3>\n<p><span style=\"text-align: justify;\"><\/span><\/p>\n<p style=\"text-align: justify;\"><span style=\"text-align: justify;\">Haz que tu propiedad entre a formar parte de nuestra base de datos y nosotros\u00a0 encontraremos un comprador 0 inquilino para el mismo. Nuestro \u00e1mbito de trabajo es muy amplio: alimentaci\u00f3n, deportes, moda, hosteler\u00eda\u2026 Trabajamos con primeras firmas.<\/span><\/p>\n<p>[\/et_pb_text][et_pb_button button_url=\u00bbhttps:\/\/grupoproa.es\/index.php\/contacto\/\u00bb url_new_window=\u00bbon\u00bb button_text=\u00bbEnviar local\u00bb button_alignment=\u00bbcenter\u00bb _builder_version=\u00bb4.21.0&#8243; _module_preset=\u00bbdefault\u00bb global_colors_info=\u00bb{}\u00bb][\/et_pb_button][\/et_pb_column][\/et_pb_row][et_pb_row column_structure=\u00bb1_3,1_3,1_3&#8243; _builder_version=\u00bb4.21.0&#8243; _module_preset=\u00bbdefault\u00bb global_colors_info=\u00bb{}\u00bb][et_pb_column type=\u00bb1_3&#8243; _builder_version=\u00bb4.21.0&#8243; _module_preset=\u00bbdefault\u00bb global_colors_info=\u00bb{}\u00bb][et_pb_image src=\u00bbhttps:\/\/grupoproa.es\/wp-content\/uploads\/2023\/09\/arquitectos.jpg\u00bb title_text=\u00bbarquitectos\u00bb align=\u00bbcenter\u00bb _builder_version=\u00bb4.21.0&#8243; _module_preset=\u00bbdefault\u00bb global_colors_info=\u00bb{}\u00bb][\/et_pb_image][et_pb_text _builder_version=\u00bb4.21.0&#8243; _module_preset=\u00bbdefault\u00bb text_font=\u00bbRaleway||||||||\u00bb text_text_color=\u00bb#000000&#8243; global_colors_info=\u00bb{}\u00bb]<\/p>\n<h3 style=\"text-align: center;\">Ingenier\u00eda y arquitectura<\/h3>\n<p style=\"text-align: justify;\"><span><\/span><\/p>\n<p style=\"text-align: justify;\"><span>Realizaci\u00f3n de todo tipo de proyectos de ingenier\u00eda y arquitectura, tanto para entidades p\u00fablicas como privadas, a nivel nacional e internacional.<\/span><\/p>\n<p>[\/et_pb_text][\/et_pb_column][et_pb_column type=\u00bb1_3&#8243; _builder_version=\u00bb4.21.0&#8243; _module_preset=\u00bbdefault\u00bb global_colors_info=\u00bb{}\u00bb][et_pb_image src=\u00bbhttps:\/\/grupoproa.es\/wp-content\/uploads\/2023\/09\/singular.jpg\u00bb title_text=\u00bbsingular\u00bb align=\u00bbcenter\u00bb _builder_version=\u00bb4.21.0&#8243; _module_preset=\u00bbdefault\u00bb global_colors_info=\u00bb{}\u00bb][\/et_pb_image][et_pb_text _builder_version=\u00bb4.21.0&#8243; _module_preset=\u00bbdefault\u00bb text_font=\u00bbRaleway||||||||\u00bb text_text_color=\u00bb#000000&#8243; global_colors_info=\u00bb{}\u00bb]<\/p>\n<h3 style=\"text-align: center;\">Residencias singulares<\/h3>\n<h3 style=\"text-align: center;\"><\/h3>\n<p style=\"text-align: justify;\">Tenemos y buscamos edificios singulares: casonas, palacetes, pazos, chalets&#8230;<\/p>\n<p>[\/et_pb_text][et_pb_button button_url=\u00bbhttps:\/\/grupoproa.es\/index.php\/contacto\/\u00bb url_new_window=\u00bbon\u00bb button_text=\u00bbEnviar local\u00bb button_alignment=\u00bbcenter\u00bb _builder_version=\u00bb4.21.0&#8243; _module_preset=\u00bbdefault\u00bb global_colors_info=\u00bb{}\u00bb][\/et_pb_button][\/et_pb_column][et_pb_column type=\u00bb1_3&#8243; _builder_version=\u00bb4.21.0&#8243; _module_preset=\u00bbdefault\u00bb global_colors_info=\u00bb{}\u00bb][et_pb_image src=\u00bbhttps:\/\/grupoproa.es\/wp-content\/uploads\/2023\/09\/expansion.jpg\u00bb title_text=\u00bbexpansion\u00bb align=\u00bbcenter\u00bb _builder_version=\u00bb4.21.0&#8243; _module_preset=\u00bbdefault\u00bb global_colors_info=\u00bb{}\u00bb][\/et_pb_image][et_pb_text _builder_version=\u00bb4.21.0&#8243; _module_preset=\u00bbdefault\u00bb text_font=\u00bbRaleway||||||||\u00bb text_text_color=\u00bb#000000&#8243; global_colors_info=\u00bb{}\u00bb]<\/p>\n<h3 style=\"text-align: center;\">Expansi\u00f3n geogr\u00e1fica<\/h3>\n<h3 style=\"text-align: center;\"><span><\/span><\/h3>\n<p style=\"text-align: justify;\"><span>Ofrecemos informes comerciales detallados de las ubicaciones que puedan resultar del inter\u00e9s de nuestros clientes, as\u00ed como el ofrecimiento de otras que, a nosotros, por el contacto continuo con el mercado, nos puedan resultar interesantes para desarrollar su actividad.<\/span><\/p>\n<p>[\/et_pb_text][\/et_pb_column][\/et_pb_row][et_pb_row column_structure=\u00bb1_3,1_3,1_3&#8243; _builder_version=\u00bb4.21.0&#8243; _module_preset=\u00bbdefault\u00bb global_colors_info=\u00bb{}\u00bb][et_pb_column type=\u00bb1_3&#8243; _builder_version=\u00bb4.21.0&#8243; _module_preset=\u00bbdefault\u00bb global_colors_info=\u00bb{}\u00bb][et_pb_image src=\u00bbhttps:\/\/grupoproa.es\/wp-content\/uploads\/2023\/09\/llave.jpg\u00bb title_text=\u00bbllave\u00bb align=\u00bbcenter\u00bb _builder_version=\u00bb4.21.0&#8243; _module_preset=\u00bbdefault\u00bb global_colors_info=\u00bb{}\u00bb][\/et_pb_image][et_pb_text _builder_version=\u00bb4.21.0&#8243; _module_preset=\u00bbdefault\u00bb text_font=\u00bbRaleway||||||||\u00bb text_text_color=\u00bb#000000&#8243; global_colors_info=\u00bb{}\u00bb]<\/p>\n<h3 style=\"text-align: center;\">Llave en mano<\/h3>\n<h3 style=\"text-align: justify;\"><span><\/span><\/h3>\n<p style=\"text-align: justify;\"><span><\/span><\/p>\n<p style=\"text-align: justify;\"><span>Ofrecemos nuestros servicios, que incluyen: la b\u00fasqueda de la ubicaci\u00f3n, la consecuci\u00f3n del proyecto (ya sea de arquitectura o ingenier\u00eda)\u00a0 y su realizaci\u00f3n,\u00a0 la apertura del negocio, su control y seguimiento (mantenimiento).\u00a0<\/span><\/p>\n<p>[\/et_pb_text][\/et_pb_column][et_pb_column type=\u00bb1_3&#8243; _builder_version=\u00bb4.21.0&#8243; _module_preset=\u00bbdefault\u00bb global_colors_info=\u00bb{}\u00bb][et_pb_image src=\u00bbhttps:\/\/grupoproa.es\/wp-content\/uploads\/2023\/09\/aconsicionamiento.jpg\u00bb align=\u00bbcenter\u00bb _builder_version=\u00bb4.21.0&#8243; _module_preset=\u00bbdefault\u00bb global_colors_info=\u00bb{}\u00bb][\/et_pb_image][et_pb_text _builder_version=\u00bb4.21.0&#8243; _module_preset=\u00bbdefault\u00bb text_font=\u00bbRaleway||||||||\u00bb text_text_color=\u00bb#000000&#8243; global_colors_info=\u00bb{}\u00bb]<\/p>\n<h3 style=\"text-align: center;\"><span>Acondicionamiento de locales<\/span><\/h3>\n<p style=\"text-align: justify;\"><span><\/span><\/p>\n<p style=\"text-align: justify;\"><span><\/span><\/p>\n<p style=\"text-align: justify;\"><span>Realizamos aperturas y cierres\u00a0 de todo tipo de superficies comerciales en su totalidad. Rehabilitaciones inmobiliarias, obras, tramitaci\u00f3n, seguridad\u2026<\/span><\/p>\n<p>[\/et_pb_text][\/et_pb_column][et_pb_column type=\u00bb1_3&#8243; _builder_version=\u00bb4.21.0&#8243; _module_preset=\u00bbdefault\u00bb global_colors_info=\u00bb{}\u00bb][et_pb_image src=\u00bbhttps:\/\/grupoproa.es\/wp-content\/uploads\/2023\/09\/tasaciones.jpg\u00bb title_text=\u00bbtasaciones\u00bb align=\u00bbcenter\u00bb _builder_version=\u00bb4.21.0&#8243; _module_preset=\u00bbdefault\u00bb global_colors_info=\u00bb{}\u00bb][\/et_pb_image][et_pb_text _builder_version=\u00bb4.21.0&#8243; _module_preset=\u00bbdefault\u00bb text_font=\u00bbRaleway||||||||\u00bb text_text_color=\u00bb#000000&#8243; global_colors_info=\u00bb{}\u00bb]<\/p>\n<h3 style=\"text-align: center;\">Tasaciones<\/h3>\n<h3 style=\"text-align: center;\"><span style=\"text-align: justify;\"><\/span><\/h3>\n<p style=\"text-align: justify;\"><span style=\"text-align: justify;\"><\/span><\/p>\n<p style=\"text-align: justify;\"><span style=\"text-align: justify;\">Valoramos tu inmueble: local, nave o parcela, para que sepas el valor real que tiene hoy en d\u00eda.<\/span><\/p>\n<p>[\/et_pb_text][\/et_pb_column][\/et_pb_row][\/et_pb_section]<\/p>\n","protected":false},"excerpt":{"rendered":"<p>ServiciosUbicaciones para tu negocio Gracias a nuestra extensa base de datos, estamos en disposici\u00f3n de ofrecerte todo tipo de ubicaciones, en diferentes zonas, precios y tama\u00f1os. Dinos qu\u00e9 necesitas\u00a0 y si no lo tenemos,\u00a0 te lo buscamos. Negociaci\u00f3n \u00edntegra de los contratos.Gestiones catastrales Mediciones topogr\u00e1ficas. Segregaciones y agrupaciones. Archivos GML (lenguaje de marcado geogr\u00e1fico, por [&hellip;]<\/p>\n","protected":false},"author":1,"featured_media":0,"parent":0,"menu_order":0,"comment_status":"closed","ping_status":"closed","template":"","meta":{"_et_pb_use_builder":"on","_et_pb_old_content":"","_et_gb_content_width":"","footnotes":""},"class_list":["post-96","page","type-page","status-publish","hentry"],"yoast_head":"<!-- This site is optimized with the Yoast SEO plugin v26.9 - https:\/\/yoast.com\/product\/yoast-seo-wordpress\/ -->\n<title>Servicios - Grupo Proa<\/title>\n<meta name=\"robots\" content=\"noindex, follow, max-snippet:-1, max-image-preview:large, max-video-preview:-1\" \/>\n<meta property=\"og:locale\" content=\"es_ES\" \/>\n<meta property=\"og:type\" content=\"article\" \/>\n<meta property=\"og:title\" content=\"Servicios - Grupo Proa\" \/>\n<meta property=\"og:description\" content=\"ServiciosUbicaciones para tu negocio Gracias a nuestra extensa base de datos, estamos en disposici\u00f3n de ofrecerte todo tipo de ubicaciones, en diferentes zonas, precios y tama\u00f1os. Dinos qu\u00e9 necesitas\u00a0 y si no lo tenemos,\u00a0 te lo buscamos. Negociaci\u00f3n \u00edntegra de los contratos.Gestiones catastrales Mediciones topogr\u00e1ficas. Segregaciones y agrupaciones. Archivos GML (lenguaje de marcado geogr\u00e1fico, por [&hellip;]\" \/>\n<meta property=\"og:url\" content=\"https:\/\/grupoproa.es\/index.php\/servicios\/\" \/>\n<meta property=\"og:site_name\" content=\"Grupo Proa\" \/>\n<meta property=\"article:modified_time\" content=\"2023-09-20T09:42:43+00:00\" \/>\n<meta name=\"twitter:card\" content=\"summary_large_image\" \/>\n<meta name=\"twitter:label1\" content=\"Tiempo de lectura\" \/>\n\t<meta name=\"twitter:data1\" content=\"3 minutos\" \/>\n<script type=\"application\/ld+json\" class=\"yoast-schema-graph\">{\"@context\":\"https:\/\/schema.org\",\"@graph\":[{\"@type\":\"WebPage\",\"@id\":\"https:\/\/grupoproa.es\/index.php\/servicios\/\",\"url\":\"https:\/\/grupoproa.es\/index.php\/servicios\/\",\"name\":\"Servicios - Grupo Proa\",\"isPartOf\":{\"@id\":\"https:\/\/grupoproa.es\/#website\"},\"datePublished\":\"2023-09-05T10:17:52+00:00\",\"dateModified\":\"2023-09-20T09:42:43+00:00\",\"breadcrumb\":{\"@id\":\"https:\/\/grupoproa.es\/index.php\/servicios\/#breadcrumb\"},\"inLanguage\":\"es\",\"potentialAction\":[{\"@type\":\"ReadAction\",\"target\":[\"https:\/\/grupoproa.es\/index.php\/servicios\/\"]}]},{\"@type\":\"BreadcrumbList\",\"@id\":\"https:\/\/grupoproa.es\/index.php\/servicios\/#breadcrumb\",\"itemListElement\":[{\"@type\":\"ListItem\",\"position\":1,\"name\":\"Portada\",\"item\":\"https:\/\/grupoproa.es\/\"},{\"@type\":\"ListItem\",\"position\":2,\"name\":\"Servicios\"}]},{\"@type\":\"WebSite\",\"@id\":\"https:\/\/grupoproa.es\/#website\",\"url\":\"https:\/\/grupoproa.es\/\",\"name\":\"Grupo Proa\",\"description\":\"Servicios inmobiliarios\",\"publisher\":{\"@id\":\"https:\/\/grupoproa.es\/#organization\"},\"potentialAction\":[{\"@type\":\"SearchAction\",\"target\":{\"@type\":\"EntryPoint\",\"urlTemplate\":\"https:\/\/grupoproa.es\/?s={search_term_string}\"},\"query-input\":{\"@type\":\"PropertyValueSpecification\",\"valueRequired\":true,\"valueName\":\"search_term_string\"}}],\"inLanguage\":\"es\"},{\"@type\":\"Organization\",\"@id\":\"https:\/\/grupoproa.es\/#organization\",\"name\":\"Grupo Proa\",\"url\":\"https:\/\/grupoproa.es\/\",\"logo\":{\"@type\":\"ImageObject\",\"inLanguage\":\"es\",\"@id\":\"https:\/\/grupoproa.es\/#\/schema\/logo\/image\/\",\"url\":\"https:\/\/grupoproa.es\/wp-content\/uploads\/2023\/09\/grupoproa-header.jpg\",\"contentUrl\":\"https:\/\/grupoproa.es\/wp-content\/uploads\/2023\/09\/grupoproa-header.jpg\",\"width\":930,\"height\":314,\"caption\":\"Grupo Proa\"},\"image\":{\"@id\":\"https:\/\/grupoproa.es\/#\/schema\/logo\/image\/\"}}]}<\/script>\n<!-- \/ Yoast SEO plugin. -->","yoast_head_json":{"title":"Servicios - Grupo Proa","robots":{"index":"noindex","follow":"follow","max-snippet":"max-snippet:-1","max-image-preview":"max-image-preview:large","max-video-preview":"max-video-preview:-1"},"og_locale":"es_ES","og_type":"article","og_title":"Servicios - Grupo Proa","og_description":"ServiciosUbicaciones para tu negocio Gracias a nuestra extensa base de datos, estamos en disposici\u00f3n de ofrecerte todo tipo de ubicaciones, en diferentes zonas, precios y tama\u00f1os. Dinos qu\u00e9 necesitas\u00a0 y si no lo tenemos,\u00a0 te lo buscamos. Negociaci\u00f3n \u00edntegra de los contratos.Gestiones catastrales Mediciones topogr\u00e1ficas. Segregaciones y agrupaciones. Archivos GML (lenguaje de marcado geogr\u00e1fico, por [&hellip;]","og_url":"https:\/\/grupoproa.es\/index.php\/servicios\/","og_site_name":"Grupo Proa","article_modified_time":"2023-09-20T09:42:43+00:00","twitter_card":"summary_large_image","twitter_misc":{"Tiempo de lectura":"3 minutos"},"schema":{"@context":"https:\/\/schema.org","@graph":[{"@type":"WebPage","@id":"https:\/\/grupoproa.es\/index.php\/servicios\/","url":"https:\/\/grupoproa.es\/index.php\/servicios\/","name":"Servicios - Grupo Proa","isPartOf":{"@id":"https:\/\/grupoproa.es\/#website"},"datePublished":"2023-09-05T10:17:52+00:00","dateModified":"2023-09-20T09:42:43+00:00","breadcrumb":{"@id":"https:\/\/grupoproa.es\/index.php\/servicios\/#breadcrumb"},"inLanguage":"es","potentialAction":[{"@type":"ReadAction","target":["https:\/\/grupoproa.es\/index.php\/servicios\/"]}]},{"@type":"BreadcrumbList","@id":"https:\/\/grupoproa.es\/index.php\/servicios\/#breadcrumb","itemListElement":[{"@type":"ListItem","position":1,"name":"Portada","item":"https:\/\/grupoproa.es\/"},{"@type":"ListItem","position":2,"name":"Servicios"}]},{"@type":"WebSite","@id":"https:\/\/grupoproa.es\/#website","url":"https:\/\/grupoproa.es\/","name":"Grupo Proa","description":"Servicios inmobiliarios","publisher":{"@id":"https:\/\/grupoproa.es\/#organization"},"potentialAction":[{"@type":"SearchAction","target":{"@type":"EntryPoint","urlTemplate":"https:\/\/grupoproa.es\/?s={search_term_string}"},"query-input":{"@type":"PropertyValueSpecification","valueRequired":true,"valueName":"search_term_string"}}],"inLanguage":"es"},{"@type":"Organization","@id":"https:\/\/grupoproa.es\/#organization","name":"Grupo Proa","url":"https:\/\/grupoproa.es\/","logo":{"@type":"ImageObject","inLanguage":"es","@id":"https:\/\/grupoproa.es\/#\/schema\/logo\/image\/","url":"https:\/\/grupoproa.es\/wp-content\/uploads\/2023\/09\/grupoproa-header.jpg","contentUrl":"https:\/\/grupoproa.es\/wp-content\/uploads\/2023\/09\/grupoproa-header.jpg","width":930,"height":314,"caption":"Grupo Proa"},"image":{"@id":"https:\/\/grupoproa.es\/#\/schema\/logo\/image\/"}}]}},"_links":{"self":[{"href":"https:\/\/grupoproa.es\/index.php\/wp-json\/wp\/v2\/pages\/96","targetHints":{"allow":["GET"]}}],"collection":[{"href":"https:\/\/grupoproa.es\/index.php\/wp-json\/wp\/v2\/pages"}],"about":[{"href":"https:\/\/grupoproa.es\/index.php\/wp-json\/wp\/v2\/types\/page"}],"author":[{"embeddable":true,"href":"https:\/\/grupoproa.es\/index.php\/wp-json\/wp\/v2\/users\/1"}],"replies":[{"embeddable":true,"href":"https:\/\/grupoproa.es\/index.php\/wp-json\/wp\/v2\/comments?post=96"}],"version-history":[{"count":55,"href":"https:\/\/grupoproa.es\/index.php\/wp-json\/wp\/v2\/pages\/96\/revisions"}],"predecessor-version":[{"id":973,"href":"https:\/\/grupoproa.es\/index.php\/wp-json\/wp\/v2\/pages\/96\/revisions\/973"}],"wp:attachment":[{"href":"https:\/\/grupoproa.es\/index.php\/wp-json\/wp\/v2\/media?parent=96"}],"curies":[{"name":"wp","href":"https:\/\/api.w.org\/{rel}","templated":true}]}}